{"id":353,"date":"2023-05-25T12:42:02","date_gmt":"2023-05-25T12:42:02","guid":{"rendered":"https:\/\/rothenschirmbach.org\/?page_id=353"},"modified":"2023-11-17T14:52:33","modified_gmt":"2023-11-17T14:52:33","slug":"alle-jahre-wieder","status":"publish","type":"page","link":"https:\/\/rothenschirmbach.org\/?page_id=353","title":{"rendered":"Alle Jahre Wieder"},"content":{"rendered":"\n<p>Hier ist ein kleiner \u00dcberblick \u00fcber unsere Feste und Aktionen, die wir jedes Jahr veranstalten:<\/p>\n\n\n\n<p class=\"has-text-align-center has-large-font-size\">*<\/p>\n\n\n<div class=\"wp-block-image\">\n<figure class=\"alignleft size-large is-resized\"><img loading=\"lazy\" decoding=\"async\" src=\"https:\/\/rothenschirmbach.org\/wp-content\/uploads\/2023\/05\/Herbstmarkt-Plakat-2022-2-724x1024.jpg\" alt=\"\" class=\"wp-image-363\" style=\"width:362px;height:512px\" width=\"362\" height=\"512\" srcset=\"https:\/\/rothenschirmbach.org\/wp-content\/uploads\/2023\/05\/Herbstmarkt-Plakat-2022-2-724x1024.jpg 724w, https:\/\/rothenschirmbach.org\/wp-content\/uploads\/2023\/05\/Herbstmarkt-Plakat-2022-2-212x300.jpg 212w, https:\/\/rothenschirmbach.org\/wp-content\/uploads\/2023\/05\/Herbstmarkt-Plakat-2022-2-768x1086.jpg 768w, https:\/\/rothenschirmbach.org\/wp-content\/uploads\/2023\/05\/Herbstmarkt-Plakat-2022-2-1086x1536.jpg 1086w, https:\/\/rothenschirmbach.org\/wp-content\/uploads\/2023\/05\/Herbstmarkt-Plakat-2022-2-1448x2048.jpg 1448w, https:\/\/rothenschirmbach.org\/wp-content\/uploads\/2023\/05\/Herbstmarkt-Plakat-2022-2-scaled.jpg 1810w\" sizes=\"(max-width: 362px) 100vw, 362px\" \/><\/figure><\/div>\n\n\n<p>Jedes Jahr Anfang Oktober veranstalten wir unser gr\u00f6\u00dftes Event &#8211; den Herbstmarkt &#8211; mit regionalen H\u00e4ndlern und Handwerk, Spa\u00df und Spiel f\u00fcr Gro\u00df und Klein und einigen Programmh\u00f6hepunkten.<\/p>\n\n\n\n<p><\/p>\n\n\n\n<p><\/p>\n\n\n\n<p><\/p>\n\n\n\n<p><\/p>\n\n\n\n<p><\/p>\n\n\n\n<p><\/p>\n\n\n\n<p><\/p>\n\n\n\n<p><\/p>\n\n\n\n<p><\/p>\n\n\n\n<p><\/p>\n\n\n\n<p><\/p>\n\n\n\n<p><\/p>\n\n\n\n<div class=\"wp-block-ive-separator aligncenter undefined ive-separator-_dc556a-cd\"><div class=\"ive-separator ive-separator-halign-center\"><hr class=\"ive-separator-hr float-xl-center float-lg-center float-sm-center float-center\"\/><\/div><\/div>\n\n\n\n<p><\/p>\n\n\n<div class=\"wp-block-image\">\n<figure class=\"alignleft size-large is-resized\"><img loading=\"lazy\" decoding=\"async\" src=\"https:\/\/rothenschirmbach.org\/wp-content\/uploads\/2023\/05\/Gruen-und-Rosa-Handgefertigt-Unternehmen-Feiertag-Poster-4-724x1024.jpg\" alt=\"\" class=\"wp-image-364\" style=\"width:362px;height:512px\" width=\"362\" height=\"512\" srcset=\"https:\/\/rothenschirmbach.org\/wp-content\/uploads\/2023\/05\/Gruen-und-Rosa-Handgefertigt-Unternehmen-Feiertag-Poster-4-724x1024.jpg 724w, https:\/\/rothenschirmbach.org\/wp-content\/uploads\/2023\/05\/Gruen-und-Rosa-Handgefertigt-Unternehmen-Feiertag-Poster-4-212x300.jpg 212w, https:\/\/rothenschirmbach.org\/wp-content\/uploads\/2023\/05\/Gruen-und-Rosa-Handgefertigt-Unternehmen-Feiertag-Poster-4-768x1086.jpg 768w, https:\/\/rothenschirmbach.org\/wp-content\/uploads\/2023\/05\/Gruen-und-Rosa-Handgefertigt-Unternehmen-Feiertag-Poster-4-1086x1536.jpg 1086w, https:\/\/rothenschirmbach.org\/wp-content\/uploads\/2023\/05\/Gruen-und-Rosa-Handgefertigt-Unternehmen-Feiertag-Poster-4-1448x2048.jpg 1448w, https:\/\/rothenschirmbach.org\/wp-content\/uploads\/2023\/05\/Gruen-und-Rosa-Handgefertigt-Unternehmen-Feiertag-Poster-4-scaled.jpg 1810w\" sizes=\"(max-width: 362px) 100vw, 362px\" \/><\/figure><\/div>\n\n\n<p>Um den 1. Advent herum wird es gem\u00fctlich bei Gl\u00fchwein, Tee, Pl\u00e4tzchen und Roster und bei weihnachtlicher Musik, die schon \u00f6fters live von einem Chor oder Musikanten in der Kirche dargeboten wurde. Der F\u00f6rderverein Autobahnkirche unterst\u00fctzt uns hier tatkr\u00e4ftig.<\/p>\n\n\n\n<p><\/p>\n\n\n\n<p class=\"has-medium-font-size\">Bilder von 2022 &gt;&gt;&gt;<\/p>\n\n\n\n<div data-gallery-id=\"lightgallery__e7293e-7e\" class=\"wp-block-ive-gallery get-gallery-id ive-gallery-wrap-id-_e7293e-7e\" id=\"Gl\u00fchweinfest2022\"><ul id=\"lightgallery__e7293e-7e\" class=\"ive-gallery-ul ive-gallery-type-grid ive-gallery-id-_e7293e-7e ive-gallery-caption-style-bottom-hover ive-gallery-filter-none\" data-item-selector=\".ibtana-blocks-gallery-item\" data-image-filter=\"none\" data-lightbox-caption=\"true\" data-columns-xxl=\"6\" data-columns-xl=\"6\" data-columns-lg=\"6\" data-columns-md=\"4\" data-columns-sm=\"4\" data-columns-xs=\"3\"><li class=\"ibtana-blocks-gallery-item\"><div class=\"ibtana-blocks-gallery-item-inner\"><figure class=\"ive-gallery-figure ibtana-blocks-gallery-item-hide-caption ive-has-image-ratio-land32 light_item\" href=\"https:\/\/rothenschirmbach.org\/wp-content\/uploads\/2023\/11\/20221127_155528-scaled.jpg\"><div class=\"ive-gal-image-radius\"><div class=\"ive-gallery-image-contain ibtana-blocks-gallery-intrinsic ive-gallery-image-ratio-land32\"><img loading=\"lazy\" decoding=\"async\" src=\"https:\/\/rothenschirmbach.org\/wp-content\/uploads\/2023\/11\/20221127_155528-1024x768.jpg\" width=\"640\" height=\"480\" alt=\"\" data-full-image=\"https:\/\/rothenschirmbach.org\/wp-content\/uploads\/2023\/11\/20221127_155528-scaled.jpg\" data-light-image=\"https:\/\/rothenschirmbach.org\/wp-content\/uploads\/2023\/11\/20221127_155528-scaled.jpg\" data-id=\"624\" data-link=\"https:\/\/rothenschirmbach.org\/?attachment_id=624\" class=\"wp-image-624undefined\" srcset=\"https:\/\/rothenschirmbach.org\/wp-content\/uploads\/2023\/11\/20221127_155528-1024x768.jpg 1024w, https:\/\/rothenschirmbach.org\/wp-content\/uploads\/2023\/11\/20221127_155528-300x225.jpg 300w, https:\/\/rothenschirmbach.org\/wp-content\/uploads\/2023\/11\/20221127_155528-768x576.jpg 768w, https:\/\/rothenschirmbach.org\/wp-content\/uploads\/2023\/11\/20221127_155528-1536x1152.jpg 1536w, https:\/\/rothenschirmbach.org\/wp-content\/uploads\/2023\/11\/20221127_155528-2048x1536.jpg 2048w\" sizes=\"(max-width: 640px) 100vw, 640px\" \/><\/div><\/div><\/figure><\/div><\/li><li class=\"ibtana-blocks-gallery-item\"><div class=\"ibtana-blocks-gallery-item-inner\"><figure class=\"ive-gallery-figure ibtana-blocks-gallery-item-hide-caption ive-has-image-ratio-land32 light_item\" href=\"https:\/\/rothenschirmbach.org\/wp-content\/uploads\/2023\/11\/20221127_160728-scaled.jpg\"><div class=\"ive-gal-image-radius\"><div class=\"ive-gallery-image-contain ibtana-blocks-gallery-intrinsic ive-gallery-image-ratio-land32\"><img loading=\"lazy\" decoding=\"async\" src=\"https:\/\/rothenschirmbach.org\/wp-content\/uploads\/2023\/11\/20221127_160728-1024x768.jpg\" width=\"640\" height=\"480\" alt=\"\" data-full-image=\"https:\/\/rothenschirmbach.org\/wp-content\/uploads\/2023\/11\/20221127_160728-scaled.jpg\" data-light-image=\"https:\/\/rothenschirmbach.org\/wp-content\/uploads\/2023\/11\/20221127_160728-scaled.jpg\" data-id=\"625\" data-link=\"https:\/\/rothenschirmbach.org\/?attachment_id=625\" class=\"wp-image-625undefined\" srcset=\"https:\/\/rothenschirmbach.org\/wp-content\/uploads\/2023\/11\/20221127_160728-1024x768.jpg 1024w, https:\/\/rothenschirmbach.org\/wp-content\/uploads\/2023\/11\/20221127_160728-300x225.jpg 300w, https:\/\/rothenschirmbach.org\/wp-content\/uploads\/2023\/11\/20221127_160728-768x576.jpg 768w, https:\/\/rothenschirmbach.org\/wp-content\/uploads\/2023\/11\/20221127_160728-1536x1152.jpg 1536w, https:\/\/rothenschirmbach.org\/wp-content\/uploads\/2023\/11\/20221127_160728-2048x1536.jpg 2048w\" sizes=\"(max-width: 640px) 100vw, 640px\" \/><\/div><\/div><\/figure><\/div><\/li><li class=\"ibtana-blocks-gallery-item\"><div class=\"ibtana-blocks-gallery-item-inner\"><figure class=\"ive-gallery-figure ibtana-blocks-gallery-item-hide-caption ive-has-image-ratio-land32 light_item\" href=\"https:\/\/rothenschirmbach.org\/wp-content\/uploads\/2023\/11\/20221127_160736-scaled.jpg\"><div class=\"ive-gal-image-radius\"><div class=\"ive-gallery-image-contain ibtana-blocks-gallery-intrinsic ive-gallery-image-ratio-land32\"><img loading=\"lazy\" decoding=\"async\" src=\"https:\/\/rothenschirmbach.org\/wp-content\/uploads\/2023\/11\/20221127_160736-1024x768.jpg\" width=\"640\" height=\"480\" alt=\"\" data-full-image=\"https:\/\/rothenschirmbach.org\/wp-content\/uploads\/2023\/11\/20221127_160736-scaled.jpg\" data-light-image=\"https:\/\/rothenschirmbach.org\/wp-content\/uploads\/2023\/11\/20221127_160736-scaled.jpg\" data-id=\"611\" data-link=\"https:\/\/rothenschirmbach.org\/?attachment_id=611\" class=\"wp-image-611undefined\" srcset=\"https:\/\/rothenschirmbach.org\/wp-content\/uploads\/2023\/11\/20221127_160736-1024x768.jpg 1024w, https:\/\/rothenschirmbach.org\/wp-content\/uploads\/2023\/11\/20221127_160736-300x225.jpg 300w, https:\/\/rothenschirmbach.org\/wp-content\/uploads\/2023\/11\/20221127_160736-768x576.jpg 768w, https:\/\/rothenschirmbach.org\/wp-content\/uploads\/2023\/11\/20221127_160736-1536x1152.jpg 1536w, https:\/\/rothenschirmbach.org\/wp-content\/uploads\/2023\/11\/20221127_160736-2048x1536.jpg 2048w\" sizes=\"(max-width: 640px) 100vw, 640px\" \/><\/div><\/div><\/figure><\/div><\/li><li class=\"ibtana-blocks-gallery-item\"><div class=\"ibtana-blocks-gallery-item-inner\"><figure class=\"ive-gallery-figure ibtana-blocks-gallery-item-hide-caption ive-has-image-ratio-land32 light_item\" href=\"https:\/\/rothenschirmbach.org\/wp-content\/uploads\/2023\/11\/20221127_163652-scaled.jpg\"><div class=\"ive-gal-image-radius\"><div class=\"ive-gallery-image-contain ibtana-blocks-gallery-intrinsic ive-gallery-image-ratio-land32\"><img loading=\"lazy\" decoding=\"async\" src=\"https:\/\/rothenschirmbach.org\/wp-content\/uploads\/2023\/11\/20221127_163652-1024x768.jpg\" width=\"640\" height=\"480\" alt=\"\" data-full-image=\"https:\/\/rothenschirmbach.org\/wp-content\/uploads\/2023\/11\/20221127_163652-scaled.jpg\" data-light-image=\"https:\/\/rothenschirmbach.org\/wp-content\/uploads\/2023\/11\/20221127_163652-scaled.jpg\" data-id=\"613\" data-link=\"https:\/\/rothenschirmbach.org\/?attachment_id=613\" class=\"wp-image-613undefined\" srcset=\"https:\/\/rothenschirmbach.org\/wp-content\/uploads\/2023\/11\/20221127_163652-1024x768.jpg 1024w, https:\/\/rothenschirmbach.org\/wp-content\/uploads\/2023\/11\/20221127_163652-300x225.jpg 300w, https:\/\/rothenschirmbach.org\/wp-content\/uploads\/2023\/11\/20221127_163652-768x576.jpg 768w, https:\/\/rothenschirmbach.org\/wp-content\/uploads\/2023\/11\/20221127_163652-1536x1152.jpg 1536w, https:\/\/rothenschirmbach.org\/wp-content\/uploads\/2023\/11\/20221127_163652-2048x1536.jpg 2048w\" sizes=\"(max-width: 640px) 100vw, 640px\" \/><\/div><\/div><\/figure><\/div><\/li><li class=\"ibtana-blocks-gallery-item\"><div class=\"ibtana-blocks-gallery-item-inner\"><figure class=\"ive-gallery-figure ibtana-blocks-gallery-item-hide-caption ive-has-image-ratio-land32 light_item\" href=\"https:\/\/rothenschirmbach.org\/wp-content\/uploads\/2023\/11\/20221127_163712-scaled.jpg\"><div class=\"ive-gal-image-radius\"><div class=\"ive-gallery-image-contain ibtana-blocks-gallery-intrinsic ive-gallery-image-ratio-land32\"><img loading=\"lazy\" decoding=\"async\" src=\"https:\/\/rothenschirmbach.org\/wp-content\/uploads\/2023\/11\/20221127_163712-1024x768.jpg\" width=\"640\" height=\"480\" alt=\"\" data-full-image=\"https:\/\/rothenschirmbach.org\/wp-content\/uploads\/2023\/11\/20221127_163712-scaled.jpg\" data-light-image=\"https:\/\/rothenschirmbach.org\/wp-content\/uploads\/2023\/11\/20221127_163712-scaled.jpg\" data-id=\"614\" data-link=\"https:\/\/rothenschirmbach.org\/?attachment_id=614\" class=\"wp-image-614undefined\" srcset=\"https:\/\/rothenschirmbach.org\/wp-content\/uploads\/2023\/11\/20221127_163712-1024x768.jpg 1024w, https:\/\/rothenschirmbach.org\/wp-content\/uploads\/2023\/11\/20221127_163712-300x225.jpg 300w, https:\/\/rothenschirmbach.org\/wp-content\/uploads\/2023\/11\/20221127_163712-768x576.jpg 768w, https:\/\/rothenschirmbach.org\/wp-content\/uploads\/2023\/11\/20221127_163712-1536x1152.jpg 1536w, https:\/\/rothenschirmbach.org\/wp-content\/uploads\/2023\/11\/20221127_163712-2048x1536.jpg 2048w\" sizes=\"(max-width: 640px) 100vw, 640px\" \/><\/div><\/div><\/figure><\/div><\/li><li class=\"ibtana-blocks-gallery-item\"><div class=\"ibtana-blocks-gallery-item-inner\"><figure class=\"ive-gallery-figure ibtana-blocks-gallery-item-hide-caption ive-has-image-ratio-land32 light_item\" href=\"https:\/\/rothenschirmbach.org\/wp-content\/uploads\/2023\/11\/20221127_180109-scaled.jpg\"><div class=\"ive-gal-image-radius\"><div class=\"ive-gallery-image-contain ibtana-blocks-gallery-intrinsic ive-gallery-image-ratio-land32\"><img loading=\"lazy\" decoding=\"async\" src=\"https:\/\/rothenschirmbach.org\/wp-content\/uploads\/2023\/11\/20221127_180109-1024x768.jpg\" width=\"640\" height=\"480\" alt=\"\" data-full-image=\"https:\/\/rothenschirmbach.org\/wp-content\/uploads\/2023\/11\/20221127_180109-scaled.jpg\" data-light-image=\"https:\/\/rothenschirmbach.org\/wp-content\/uploads\/2023\/11\/20221127_180109-scaled.jpg\" data-id=\"616\" data-link=\"https:\/\/rothenschirmbach.org\/?attachment_id=616\" class=\"wp-image-616undefined\" srcset=\"https:\/\/rothenschirmbach.org\/wp-content\/uploads\/2023\/11\/20221127_180109-1024x768.jpg 1024w, https:\/\/rothenschirmbach.org\/wp-content\/uploads\/2023\/11\/20221127_180109-300x225.jpg 300w, https:\/\/rothenschirmbach.org\/wp-content\/uploads\/2023\/11\/20221127_180109-768x576.jpg 768w, https:\/\/rothenschirmbach.org\/wp-content\/uploads\/2023\/11\/20221127_180109-1536x1152.jpg 1536w, https:\/\/rothenschirmbach.org\/wp-content\/uploads\/2023\/11\/20221127_180109-2048x1536.jpg 2048w\" sizes=\"(max-width: 640px) 100vw, 640px\" \/><\/div><\/div><\/figure><\/div><\/li><li class=\"ibtana-blocks-gallery-item\"><div class=\"ibtana-blocks-gallery-item-inner\"><figure class=\"ive-gallery-figure ibtana-blocks-gallery-item-hide-caption ive-has-image-ratio-land32 light_item\" href=\"https:\/\/rothenschirmbach.org\/wp-content\/uploads\/2023\/11\/20221127_180117-scaled.jpg\"><div class=\"ive-gal-image-radius\"><div class=\"ive-gallery-image-contain ibtana-blocks-gallery-intrinsic ive-gallery-image-ratio-land32\"><img loading=\"lazy\" decoding=\"async\" src=\"https:\/\/rothenschirmbach.org\/wp-content\/uploads\/2023\/11\/20221127_180117-1024x768.jpg\" width=\"640\" height=\"480\" alt=\"\" data-full-image=\"https:\/\/rothenschirmbach.org\/wp-content\/uploads\/2023\/11\/20221127_180117-scaled.jpg\" data-light-image=\"https:\/\/rothenschirmbach.org\/wp-content\/uploads\/2023\/11\/20221127_180117-scaled.jpg\" data-id=\"617\" data-link=\"https:\/\/rothenschirmbach.org\/?attachment_id=617\" class=\"wp-image-617undefined\" srcset=\"https:\/\/rothenschirmbach.org\/wp-content\/uploads\/2023\/11\/20221127_180117-1024x768.jpg 1024w, https:\/\/rothenschirmbach.org\/wp-content\/uploads\/2023\/11\/20221127_180117-300x225.jpg 300w, https:\/\/rothenschirmbach.org\/wp-content\/uploads\/2023\/11\/20221127_180117-768x576.jpg 768w, https:\/\/rothenschirmbach.org\/wp-content\/uploads\/2023\/11\/20221127_180117-1536x1152.jpg 1536w, https:\/\/rothenschirmbach.org\/wp-content\/uploads\/2023\/11\/20221127_180117-2048x1536.jpg 2048w\" sizes=\"(max-width: 640px) 100vw, 640px\" \/><\/div><\/div><\/figure><\/div><\/li><li class=\"ibtana-blocks-gallery-item\"><div class=\"ibtana-blocks-gallery-item-inner\"><figure class=\"ive-gallery-figure ibtana-blocks-gallery-item-hide-caption ive-has-image-ratio-land32 light_item\" href=\"https:\/\/rothenschirmbach.org\/wp-content\/uploads\/2023\/11\/20221127_180126-scaled.jpg\"><div class=\"ive-gal-image-radius\"><div class=\"ive-gallery-image-contain ibtana-blocks-gallery-intrinsic ive-gallery-image-ratio-land32\"><img loading=\"lazy\" decoding=\"async\" src=\"https:\/\/rothenschirmbach.org\/wp-content\/uploads\/2023\/11\/20221127_180126-1024x768.jpg\" width=\"640\" height=\"480\" alt=\"\" data-full-image=\"https:\/\/rothenschirmbach.org\/wp-content\/uploads\/2023\/11\/20221127_180126-scaled.jpg\" data-light-image=\"https:\/\/rothenschirmbach.org\/wp-content\/uploads\/2023\/11\/20221127_180126-scaled.jpg\" data-id=\"618\" data-link=\"https:\/\/rothenschirmbach.org\/?attachment_id=618\" class=\"wp-image-618undefined\" srcset=\"https:\/\/rothenschirmbach.org\/wp-content\/uploads\/2023\/11\/20221127_180126-1024x768.jpg 1024w, https:\/\/rothenschirmbach.org\/wp-content\/uploads\/2023\/11\/20221127_180126-300x225.jpg 300w, https:\/\/rothenschirmbach.org\/wp-content\/uploads\/2023\/11\/20221127_180126-768x576.jpg 768w, https:\/\/rothenschirmbach.org\/wp-content\/uploads\/2023\/11\/20221127_180126-1536x1152.jpg 1536w, https:\/\/rothenschirmbach.org\/wp-content\/uploads\/2023\/11\/20221127_180126-2048x1536.jpg 2048w\" sizes=\"(max-width: 640px) 100vw, 640px\" \/><\/div><\/div><\/figure><\/div><\/li><li class=\"ibtana-blocks-gallery-item\"><div class=\"ibtana-blocks-gallery-item-inner\"><figure class=\"ive-gallery-figure ibtana-blocks-gallery-item-hide-caption ive-has-image-ratio-land32 light_item\" href=\"https:\/\/rothenschirmbach.org\/wp-content\/uploads\/2023\/11\/20221127_180633-scaled.jpg\"><div class=\"ive-gal-image-radius\"><div class=\"ive-gallery-image-contain ibtana-blocks-gallery-intrinsic ive-gallery-image-ratio-land32\"><img loading=\"lazy\" decoding=\"async\" src=\"https:\/\/rothenschirmbach.org\/wp-content\/uploads\/2023\/11\/20221127_180633-1024x768.jpg\" width=\"640\" height=\"480\" alt=\"\" data-full-image=\"https:\/\/rothenschirmbach.org\/wp-content\/uploads\/2023\/11\/20221127_180633-scaled.jpg\" data-light-image=\"https:\/\/rothenschirmbach.org\/wp-content\/uploads\/2023\/11\/20221127_180633-scaled.jpg\" data-id=\"621\" data-link=\"https:\/\/rothenschirmbach.org\/?attachment_id=621\" class=\"wp-image-621undefined\" srcset=\"https:\/\/rothenschirmbach.org\/wp-content\/uploads\/2023\/11\/20221127_180633-1024x768.jpg 1024w, https:\/\/rothenschirmbach.org\/wp-content\/uploads\/2023\/11\/20221127_180633-300x225.jpg 300w, https:\/\/rothenschirmbach.org\/wp-content\/uploads\/2023\/11\/20221127_180633-768x576.jpg 768w, https:\/\/rothenschirmbach.org\/wp-content\/uploads\/2023\/11\/20221127_180633-1536x1152.jpg 1536w, https:\/\/rothenschirmbach.org\/wp-content\/uploads\/2023\/11\/20221127_180633-2048x1536.jpg 2048w\" sizes=\"(max-width: 640px) 100vw, 640px\" \/><\/div><\/div><\/figure><\/div><\/li><li class=\"ibtana-blocks-gallery-item\"><div class=\"ibtana-blocks-gallery-item-inner\"><figure class=\"ive-gallery-figure ibtana-blocks-gallery-item-hide-caption ive-has-image-ratio-land32 light_item\" href=\"https:\/\/rothenschirmbach.org\/wp-content\/uploads\/2023\/11\/20221127_180622-scaled.jpg\"><div class=\"ive-gal-image-radius\"><div class=\"ive-gallery-image-contain ibtana-blocks-gallery-intrinsic ive-gallery-image-ratio-land32\"><img loading=\"lazy\" decoding=\"async\" src=\"https:\/\/rothenschirmbach.org\/wp-content\/uploads\/2023\/11\/20221127_180622-1024x768.jpg\" width=\"640\" height=\"480\" alt=\"\" data-full-image=\"https:\/\/rothenschirmbach.org\/wp-content\/uploads\/2023\/11\/20221127_180622-scaled.jpg\" data-light-image=\"https:\/\/rothenschirmbach.org\/wp-content\/uploads\/2023\/11\/20221127_180622-scaled.jpg\" data-id=\"620\" data-link=\"https:\/\/rothenschirmbach.org\/?attachment_id=620\" class=\"wp-image-620undefined\" srcset=\"https:\/\/rothenschirmbach.org\/wp-content\/uploads\/2023\/11\/20221127_180622-1024x768.jpg 1024w, https:\/\/rothenschirmbach.org\/wp-content\/uploads\/2023\/11\/20221127_180622-300x225.jpg 300w, https:\/\/rothenschirmbach.org\/wp-content\/uploads\/2023\/11\/20221127_180622-768x576.jpg 768w, https:\/\/rothenschirmbach.org\/wp-content\/uploads\/2023\/11\/20221127_180622-1536x1152.jpg 1536w, https:\/\/rothenschirmbach.org\/wp-content\/uploads\/2023\/11\/20221127_180622-2048x1536.jpg 2048w\" sizes=\"(max-width: 640px) 100vw, 640px\" \/><\/div><\/div><\/figure><\/div><\/li><li class=\"ibtana-blocks-gallery-item\"><div class=\"ibtana-blocks-gallery-item-inner\"><figure class=\"ive-gallery-figure ibtana-blocks-gallery-item-hide-caption ive-has-image-ratio-land32 light_item\" href=\"https:\/\/rothenschirmbach.org\/wp-content\/uploads\/2023\/11\/20221127_180722-scaled.jpg\"><div class=\"ive-gal-image-radius\"><div class=\"ive-gallery-image-contain ibtana-blocks-gallery-intrinsic ive-gallery-image-ratio-land32\"><img loading=\"lazy\" decoding=\"async\" src=\"https:\/\/rothenschirmbach.org\/wp-content\/uploads\/2023\/11\/20221127_180722-1024x768.jpg\" width=\"640\" height=\"480\" alt=\"\" data-full-image=\"https:\/\/rothenschirmbach.org\/wp-content\/uploads\/2023\/11\/20221127_180722-scaled.jpg\" data-light-image=\"https:\/\/rothenschirmbach.org\/wp-content\/uploads\/2023\/11\/20221127_180722-scaled.jpg\" data-id=\"622\" data-link=\"https:\/\/rothenschirmbach.org\/?attachment_id=622\" class=\"wp-image-622undefined\" srcset=\"https:\/\/rothenschirmbach.org\/wp-content\/uploads\/2023\/11\/20221127_180722-1024x768.jpg 1024w, https:\/\/rothenschirmbach.org\/wp-content\/uploads\/2023\/11\/20221127_180722-300x225.jpg 300w, https:\/\/rothenschirmbach.org\/wp-content\/uploads\/2023\/11\/20221127_180722-768x576.jpg 768w, https:\/\/rothenschirmbach.org\/wp-content\/uploads\/2023\/11\/20221127_180722-1536x1152.jpg 1536w, https:\/\/rothenschirmbach.org\/wp-content\/uploads\/2023\/11\/20221127_180722-2048x1536.jpg 2048w\" sizes=\"(max-width: 640px) 100vw, 640px\" \/><\/div><\/div><\/figure><\/div><\/li><li class=\"ibtana-blocks-gallery-item\"><div class=\"ibtana-blocks-gallery-item-inner\"><figure class=\"ive-gallery-figure ibtana-blocks-gallery-item-hide-caption ive-has-image-ratio-land32 light_item\" href=\"https:\/\/rothenschirmbach.org\/wp-content\/uploads\/2023\/11\/20221127_180159-scaled.jpg\"><div class=\"ive-gal-image-radius\"><div class=\"ive-gallery-image-contain ibtana-blocks-gallery-intrinsic ive-gallery-image-ratio-land32\"><img loading=\"lazy\" decoding=\"async\" src=\"https:\/\/rothenschirmbach.org\/wp-content\/uploads\/2023\/11\/20221127_180159-1024x768.jpg\" width=\"640\" height=\"480\" alt=\"\" data-full-image=\"https:\/\/rothenschirmbach.org\/wp-content\/uploads\/2023\/11\/20221127_180159-scaled.jpg\" data-light-image=\"https:\/\/rothenschirmbach.org\/wp-content\/uploads\/2023\/11\/20221127_180159-scaled.jpg\" data-id=\"619\" data-link=\"https:\/\/rothenschirmbach.org\/?attachment_id=619\" class=\"wp-image-619undefined\" srcset=\"https:\/\/rothenschirmbach.org\/wp-content\/uploads\/2023\/11\/20221127_180159-1024x768.jpg 1024w, https:\/\/rothenschirmbach.org\/wp-content\/uploads\/2023\/11\/20221127_180159-300x225.jpg 300w, https:\/\/rothenschirmbach.org\/wp-content\/uploads\/2023\/11\/20221127_180159-768x576.jpg 768w, https:\/\/rothenschirmbach.org\/wp-content\/uploads\/2023\/11\/20221127_180159-1536x1152.jpg 1536w, https:\/\/rothenschirmbach.org\/wp-content\/uploads\/2023\/11\/20221127_180159-2048x1536.jpg 2048w\" sizes=\"(max-width: 640px) 100vw, 640px\" \/><\/div><\/div><\/figure><\/div><\/li><\/ul><\/div>\n\n\n\n<p><\/p>\n\n\n\n<p><\/p>\n\n\n\n<p><\/p>\n\n\n\n<p><\/p>\n\n\n\n<p><\/p>\n\n\n\n<p><\/p>\n\n\n\n<p><\/p>\n\n\n\n<p><\/p>\n\n\n\n<p><\/p>\n\n\n\n<p><\/p>\n\n\n\n<div class=\"wp-block-ive-separator aligncenter undefined ive-separator-_552a5e-41\"><div class=\"ive-separator ive-separator-halign-center\"><hr class=\"ive-separator-hr float-xl-center float-lg-center float-sm-center float-center\"\/><\/div><\/div>\n\n\n\n<p><\/p>\n\n\n<div class=\"wp-block-image\">\n<figure class=\"alignleft size-large is-resized\"><img loading=\"lazy\" decoding=\"async\" src=\"https:\/\/rothenschirmbach.org\/wp-content\/uploads\/2023\/05\/MaerchenplakatX-724x1024.jpg\" alt=\"\" class=\"wp-image-365\" style=\"width:362px;height:512px\" width=\"362\" height=\"512\" srcset=\"https:\/\/rothenschirmbach.org\/wp-content\/uploads\/2023\/05\/MaerchenplakatX-724x1024.jpg 724w, https:\/\/rothenschirmbach.org\/wp-content\/uploads\/2023\/05\/MaerchenplakatX-212x300.jpg 212w, https:\/\/rothenschirmbach.org\/wp-content\/uploads\/2023\/05\/MaerchenplakatX-768x1086.jpg 768w, https:\/\/rothenschirmbach.org\/wp-content\/uploads\/2023\/05\/MaerchenplakatX-1086x1536.jpg 1086w, https:\/\/rothenschirmbach.org\/wp-content\/uploads\/2023\/05\/MaerchenplakatX-1448x2048.jpg 1448w, https:\/\/rothenschirmbach.org\/wp-content\/uploads\/2023\/05\/MaerchenplakatX.jpg 1654w\" sizes=\"(max-width: 362px) 100vw, 362px\" \/><\/figure><\/div>\n\n\n<p>Im Juni \/ Juli organisiert der Verein gemeinsam mit der Kita &#8220;Borstel&#8221; und in Zusammenarbeit mit dem F\u00f6rderkreis Autobahnkirche ein Kinderfest auf dem Spielplatz nahe der Kirche.<\/p>\n\n\n\n<p><\/p>\n\n\n\n<p><\/p>\n\n\n<div class=\"wp-block-image\">\n<figure class=\"aligncenter size-full\"><img loading=\"lazy\" decoding=\"async\" width=\"204\" height=\"140\" src=\"https:\/\/rothenschirmbach.org\/wp-content\/uploads\/2023\/05\/Wald-Tag-Logo-Kaefer.jpg\" alt=\"\" class=\"wp-image-384\"\/><\/figure><\/div>\n\n\n<p>Den Wald-Erlebnis-Tag haben wir bis vor ein paar Jahren mit der Kita &#8220;Borstel&#8221; zusammen organisiert. Derzeit wird der Wald-Tag als interne Aktion durch die Kita selbst durchgef\u00fchrt.<\/p>\n","protected":false},"excerpt":{"rendered":"<p>Hier ist ein kleiner \u00dcberblick \u00fcber unsere Feste und Aktionen, die wir jedes Jahr veranstalten: * Jedes Jahr Anfang Oktober veranstalten wir unser gr\u00f6\u00dftes Event &#8211; den Herbstmarkt &#8211; mit [&hellip;]<\/p>\n","protected":false},"author":3,"featured_media":0,"parent":8,"menu_order":0,"comment_status":"closed","ping_status":"closed","template":"","meta":{"_regular_price":[],"currency_symbol":[],"_price":"","_stock":"","_tribe_ticket_header":"","_tribe_default_ticket_provider":"","_tribe_ticket_capacity":"0","_ticket_start_date":"","_ticket_end_date":"","_tribe_ticket_show_description":"","_tribe_ticket_show_not_going":false,"_tribe_ticket_use_global_stock":"","_tribe_ticket_global_stock_level":"","_global_stock_mode":"","_global_stock_cap":"","_tribe_rsvp_for_event":"","_tribe_ticket_going_count":"","_tribe_ticket_not_going_count":"","_tribe_tickets_list":"[]","_tribe_ticket_has_attendee_info_fields":false,"footnotes":"","_tec_slr_enabled":"","_tec_slr_layout":""},"class_list":["post-353","page","type-page","status-publish","hentry"],"post_slider_layout_featured_media_urls":{"thumbnail":"","post_slider_layout_landscape_large":"","post_slider_layout_portrait_large":"","post_slider_layout_square_large":"","post_slider_layout_landscape":"","post_slider_layout_portrait":"","post_slider_layout_square":"","full":""},"ticketed":false,"_links":{"self":[{"href":"https:\/\/rothenschirmbach.org\/index.php?rest_route=\/wp\/v2\/pages\/353"}],"collection":[{"href":"https:\/\/rothenschirmbach.org\/index.php?rest_route=\/wp\/v2\/pages"}],"about":[{"href":"https:\/\/rothenschirmbach.org\/index.php?rest_route=\/wp\/v2\/types\/page"}],"author":[{"embeddable":true,"href":"https:\/\/rothenschirmbach.org\/index.php?rest_route=\/wp\/v2\/users\/3"}],"replies":[{"embeddable":true,"href":"https:\/\/rothenschirmbach.org\/index.php?rest_route=%2Fwp%2Fv2%2Fcomments&post=353"}],"version-history":[{"count":0,"href":"https:\/\/rothenschirmbach.org\/index.php?rest_route=\/wp\/v2\/pages\/353\/revisions"}],"up":[{"embeddable":true,"href":"https:\/\/rothenschirmbach.org\/index.php?rest_route=\/wp\/v2\/pages\/8"}],"wp:attachment":[{"href":"https:\/\/rothenschirmbach.org\/index.php?rest_route=%2Fwp%2Fv2%2Fmedia&parent=353"}],"curies":[{"name":"wp","href":"https:\/\/api.w.org\/{rel}","templated":true}]}}