{"id":6,"date":"2016-05-10T03:48:21","date_gmt":"2016-05-10T03:48:21","guid":{"rendered":"http:\/\/wfr.rothenschirmbach.de\/?page_id=2"},"modified":"2025-01-21T11:56:20","modified_gmt":"2025-01-21T11:56:20","slug":"ueberuns","status":"publish","type":"page","link":"https:\/\/rothenschirmbach.org\/?page_id=6","title":{"rendered":"\u00dcber uns"},"content":{"rendered":"\n<div style=\"height:37px\" aria-hidden=\"true\" class=\"wp-block-spacer\"><\/div>\n\n\n\n<p class=\"has-text-align-center\" style=\"font-size:22px\"><strong>Herzlich willkommen!<\/strong><\/p>\n\n\n\n<div style=\"height:34px\" aria-hidden=\"true\" class=\"wp-block-spacer\"><\/div>\n\n\n\n<div class=\"wp-block-media-text is-stacked-on-mobile is-vertically-aligned-top\" style=\"grid-template-columns:58% auto\"><figure class=\"wp-block-media-text__media\"><img loading=\"lazy\" decoding=\"async\" width=\"1024\" height=\"632\" src=\"https:\/\/rothenschirmbach.org\/wp-content\/uploads\/2023\/05\/WfR-Mitglieder-scaled-e1693829497469-1024x632.jpg\" alt=\"\" class=\"wp-image-290 size-full\" srcset=\"https:\/\/rothenschirmbach.org\/wp-content\/uploads\/2023\/05\/WfR-Mitglieder-scaled-e1693829497469-1024x632.jpg 1024w, https:\/\/rothenschirmbach.org\/wp-content\/uploads\/2023\/05\/WfR-Mitglieder-scaled-e1693829497469-300x185.jpg 300w, https:\/\/rothenschirmbach.org\/wp-content\/uploads\/2023\/05\/WfR-Mitglieder-scaled-e1693829497469-768x474.jpg 768w, https:\/\/rothenschirmbach.org\/wp-content\/uploads\/2023\/05\/WfR-Mitglieder-scaled-e1693829497469-1536x948.jpg 1536w, https:\/\/rothenschirmbach.org\/wp-content\/uploads\/2023\/05\/WfR-Mitglieder-scaled-e1693829497469-2048x1264.jpg 2048w\" sizes=\"(max-width: 1024px) 100vw, 1024px\" \/><\/figure><div class=\"wp-block-media-text__content\">\n<div style=\"height:17px\" aria-hidden=\"true\" class=\"wp-block-spacer\"><\/div>\n\n\n\n<p class=\"has-medium-font-size\">Wir begr\u00fc\u00dfen Sie auf den Seiten unseres Heimatvereins &#8220;Wir-f\u00fcr-Rothenschirmbach e.V.&#8221;<\/p>\n\n\n\n<p class=\"has-medium-font-size\">Unser Anliegen ist es seit vielen Jahren, mit und f\u00fcr die Rothenschirmbacherinnen und Rothenschirmbacher etwas auf die Beine zu stellen und durch gemeinsame Feste und Aktionen das Gemeinschaftsgef\u00fchl zu st\u00e4rken! Zugleich stehen wir bereit, um Veranstaltungen anderer Vereine des Ortes zu unterst\u00fctzen.<\/p>\n<\/div><\/div>\n\n\n\n<div style=\"height:20px\" aria-hidden=\"true\" class=\"wp-block-spacer\"><\/div>\n\n\n\n<p style=\"font-size:22px\"><strong>Der Vorstand (Stand: 13.09.2023)<\/strong><\/p>\n\n\n\n<p class=\"has-medium-font-size\">Vorstandsvorsitzende:&nbsp;&nbsp;&nbsp;&nbsp;&nbsp;&nbsp;&nbsp;&nbsp;&nbsp;&nbsp;&nbsp;&nbsp;&nbsp; Tanja Lauch, Marco Naumann<\/p>\n\n\n\n<p class=\"has-medium-font-size\">weitere Vorstandsmitglieder:&nbsp;&nbsp;&nbsp; Rebecca Nobis<\/p>\n\n\n\n<p class=\"has-medium-font-size\">Dar\u00fcber hinaus kann der Verein vier Beisitzer des Vorstandes zur Unterst\u00fctzung w\u00e4hlen.<\/p>\n\n\n\n<div style=\"height:20px\" aria-hidden=\"true\" class=\"wp-block-spacer\"><\/div>\n\n\n\n<p style=\"font-size:22px\"><strong>Mitglied werden<\/strong><\/p>\n\n\n\n<div class=\"wp-block-media-text is-stacked-on-mobile\" style=\"grid-template-columns:41% auto\"><figure class=\"wp-block-media-text__media\"><img loading=\"lazy\" decoding=\"async\" width=\"768\" height=\"1024\" src=\"https:\/\/rothenschirmbach.org\/wp-content\/uploads\/2023\/10\/20231007_120423-768x1024.jpg\" alt=\"\" class=\"wp-image-547 size-full\" srcset=\"https:\/\/rothenschirmbach.org\/wp-content\/uploads\/2023\/10\/20231007_120423-768x1024.jpg 768w, https:\/\/rothenschirmbach.org\/wp-content\/uploads\/2023\/10\/20231007_120423-225x300.jpg 225w, https:\/\/rothenschirmbach.org\/wp-content\/uploads\/2023\/10\/20231007_120423-1152x1536.jpg 1152w, https:\/\/rothenschirmbach.org\/wp-content\/uploads\/2023\/10\/20231007_120423-1536x2048.jpg 1536w, https:\/\/rothenschirmbach.org\/wp-content\/uploads\/2023\/10\/20231007_120423-scaled.jpg 1920w\" sizes=\"(max-width: 768px) 100vw, 768px\" \/><\/figure><div class=\"wp-block-media-text__content\">\n<p class=\"has-medium-font-size\"><a href=\"https:\/\/rothenschirmbach.org\/wp-content\/uploads\/2023\/09\/antrag_WfR_2023NEU.pdf\" target=\"_blank\" rel=\"noreferrer noopener\"><strong>Mitglied werden&nbsp;<\/strong><\/a><\/p>\n\n\n\n<p class=\"has-medium-font-size\">Meldet euch gern bei uns, wenn ihr Interesse habt, unser Dorfleben aktiv mitzugestalten!<\/p>\n\n\n\n<p class=\"has-medium-font-size\">Der Mindestbeitrag betr\u00e4gt f\u00fcr Einzelpersonen 20 \u20ac im Jahr. Das Mindesteintrittsalter ist 16 Jahre.<\/p>\n\n\n\n<p class=\"has-medium-font-size\">Der Vorstand<\/p>\n\n\n\n<p class=\"has-medium-font-size\">Kontaktaufnahme: <a href=\"mailto:wfr@rothenschirmbach.org\">wfr@rothenschirmbach.org<\/a><\/p>\n\n\n\n<p class=\"has-medium-font-size\"><strong>DOWNLOADS<\/strong><\/p>\n\n\n\n<p class=\"has-medium-font-size\"><a href=\"https:\/\/rothenschirmbach.org\/wp-content\/uploads\/2023\/09\/antrag_WfR_2023NEU.pdf\" target=\"_blank\" rel=\"noreferrer noopener\">Mitgliedsantrag<\/a><\/p>\n\n\n\n<p class=\"has-medium-font-size\"><a href=\"https:\/\/rothenschirmbach.org\/wp-content\/uploads\/2023\/09\/Satzung_WfR_13.09.2023_final.pdf\" target=\"_blank\" rel=\"noreferrer noopener\">Satzung_WfR_13.09.2023<\/a> (Stand Neufassung vom 13. September 2023)<\/p>\n\n\n\n<p class=\"has-medium-font-size\"><a href=\"https:\/\/rothenschirmbach.org\/wp-content\/uploads\/2022\/07\/beitragsordnung2_WfR.pdf\" target=\"_blank\" rel=\"noreferrer noopener\">Beitragsordnung_WfR<\/a> (Aktuelle Fassung vom 27. November 2008)&nbsp;<\/p>\n<\/div><\/div>\n\n\n\n<div style=\"height:20px\" aria-hidden=\"true\" class=\"wp-block-spacer\"><\/div>\n\n\n\n<p style=\"font-size:22px\"><strong>Gr\u00fcndung des Vereins<\/strong><\/p>\n\n\n\n<p class=\"has-medium-font-size\">Der Verein gr\u00fcndete sich im November 2008 aus dem Wunsch heraus, die unterschiedlichen Aktivit\u00e4ten in unserem Dorf zu b\u00fcndeln und zusammenzuf\u00fchren. Damals wurde in Rothenschirmbach dar\u00fcber beraten, wie das d\u00f6rfliche Leben und die Entwicklung des Ortes belebt werden k\u00f6nnen.<br>Ergebnis und nach einhelliger Meinung der 13 Gr\u00fcndungsmitglieder erster und wichtiger Schritt war die Gr\u00fcndung des Vereins \u201eWir-f\u00fcr-Rothenschirmbach e.V.\u201c am 27.11.2008.<\/p>\n\n\n\n<p style=\"font-size:22px\"><strong>Ziele des Vereins<\/strong><\/p>\n\n\n\n<p class=\"has-medium-font-size\">Hauptziel des Vereins ist und bleibt die Schaffung eines Dorfzentrums, die weitere Aktivierung und Koordinierung der \u00d6ffentlichkeitsarbeit, die Organisation und Durchf\u00fchrung von kulturellen und sozial orientierten Veranstaltungen und weiteren gemeinn\u00fctzige Aktivit\u00e4ten und Projekten f\u00fcr den Ort.<\/p>\n\n\n\n<p class=\"has-medium-font-size\">Dabei setzen wir uns f\u00fcr verschiedenste Interessengruppen in Rothenschirmbach und das stetige Miteinander ein, sodass sich alle mit IHREM Dorf identifizieren k\u00f6nnen!<\/p>\n\n\n\n<p style=\"font-size:22px\"><strong>Zusammenwirken im Ort<\/strong><\/p>\n\n\n\n<p class=\"has-medium-font-size\">F\u00fcr unsere Projekte und Veranstaltungen arbeiten wir mit dem Kindergarten, mit ortsans\u00e4ssigen Firmen, der Feuerwehr, den Pfingstburschen, dem Sportverein sowie mit der Kirche und dem F\u00f6rderverein Autobahnkirche eng zusammen, sodass alle Beteiligten voneinander profitieren k\u00f6nnen und neue Verbindungen entstehen.<\/p>\n\n\n\n<p class=\"has-medium-font-size\">Neben saisonalen alt bew\u00e4hrten Festen lassen wir uns auch immer wieder neue Interessante Aktionen einfallen, um noch mehr Bewohner unseres Ortes anzusprechen und zu einem aktiven Dorfleben beizutragen.<\/p>\n\n\n\n<p class=\"has-medium-font-size\"><strong>Dabei sind uns neue Ideen und engagierte Mitglieder immer willkommen! &gt;&gt;&gt;<\/strong> <a href=\"https:\/\/rothenschirmbach.org\/wp-content\/uploads\/2023\/09\/antrag_WfR_2023NEU.pdf\" target=\"_blank\" rel=\"noreferrer noopener\"><strong>Mitglied werden&nbsp;<\/strong><\/a><\/p>\n","protected":false},"excerpt":{"rendered":"<p>Herzlich willkommen! Der Vorstand (Stand: 13.09.2023) Vorstandsvorsitzende:&nbsp;&nbsp;&nbsp;&nbsp;&nbsp;&nbsp;&nbsp;&nbsp;&nbsp;&nbsp;&nbsp;&nbsp;&nbsp; Tanja Lauch, Marco Naumann weitere Vorstandsmitglieder:&nbsp;&nbsp;&nbsp; Rebecca Nobis Dar\u00fcber hinaus kann der Verein vier Beisitzer des Vorstandes zur Unterst\u00fctzung w\u00e4hlen. Mitglied werden Mitglied [&hellip;]<\/p>\n","protected":false},"author":1,"featured_media":0,"parent":0,"menu_order":2,"comment_status":"closed","ping_status":"closed","template":"","meta":{"_regular_price":[],"currency_symbol":[],"_price":"","_stock":"","_tribe_ticket_header":"","_tribe_default_ticket_provider":"","_tribe_ticket_capacity":"0","_ticket_start_date":"","_ticket_end_date":"","_tribe_ticket_show_description":"","_tribe_ticket_show_not_going":false,"_tribe_ticket_use_global_stock":"","_tribe_ticket_global_stock_level":"","_global_stock_mode":"","_global_stock_cap":"","_tribe_rsvp_for_event":"","_tribe_ticket_going_count":"","_tribe_ticket_not_going_count":"","_tribe_tickets_list":"[]","_tribe_ticket_has_attendee_info_fields":false,"footnotes":"","_tec_slr_enabled":"","_tec_slr_layout":""},"class_list":["post-6","page","type-page","status-publish","hentry"],"post_slider_layout_featured_media_urls":{"thumbnail":"","post_slider_layout_landscape_large":"","post_slider_layout_portrait_large":"","post_slider_layout_square_large":"","post_slider_layout_landscape":"","post_slider_layout_portrait":"","post_slider_layout_square":"","full":""},"ticketed":false,"_links":{"self":[{"href":"https:\/\/rothenschirmbach.org\/index.php?rest_route=\/wp\/v2\/pages\/6"}],"collection":[{"href":"https:\/\/rothenschirmbach.org\/index.php?rest_route=\/wp\/v2\/pages"}],"about":[{"href":"https:\/\/rothenschirmbach.org\/index.php?rest_route=\/wp\/v2\/types\/page"}],"author":[{"embeddable":true,"href":"https:\/\/rothenschirmbach.org\/index.php?rest_route=\/wp\/v2\/users\/1"}],"replies":[{"embeddable":true,"href":"https:\/\/rothenschirmbach.org\/index.php?rest_route=%2Fwp%2Fv2%2Fcomments&post=6"}],"version-history":[{"count":0,"href":"https:\/\/rothenschirmbach.org\/index.php?rest_route=\/wp\/v2\/pages\/6\/revisions"}],"wp:attachment":[{"href":"https:\/\/rothenschirmbach.org\/index.php?rest_route=%2Fwp%2Fv2%2Fmedia&parent=6"}],"curies":[{"name":"wp","href":"https:\/\/api.w.org\/{rel}","templated":true}]}}