{"id":650,"date":"2024-03-05T11:34:05","date_gmt":"2024-03-05T11:34:05","guid":{"rendered":"https:\/\/rothenschirmbach.org\/?page_id=650"},"modified":"2026-01-20T09:07:20","modified_gmt":"2026-01-20T09:07:20","slug":"colibri-wp","status":"publish","type":"page","link":"https:\/\/rothenschirmbach.org\/","title":{"rendered":""},"content":{"rendered":"\n<div style=\"height:42px\" aria-hidden=\"true\" class=\"wp-block-spacer\"><\/div>\n\n\n\n<p class=\"has-text-align-center\" style=\"font-size:22px\">Willkommen auf der Seite unseres Heimatvereins<\/p>\n\n\n\n<p class=\"has-text-align-center\" style=\"font-size:24px\"><strong>Wir-f\u00fcr-Rothenschirmbach e.V.<\/strong><\/p>\n\n\n\n<div style=\"height:54px\" aria-hidden=\"true\" class=\"wp-block-spacer\"><\/div>\n\n\n\n<div class=\"wp-block-columns is-layout-flex wp-container-core-columns-is-layout-1 wp-block-columns-is-layout-flex\">\n<div class=\"wp-block-column is-vertically-aligned-center is-layout-flow wp-block-column-is-layout-flow\">\n<p class=\"has-text-align-center\" style=\"font-size:22px\"><strong>Wir w\u00fcnschen Euch <\/strong><\/p>\n\n\n\n<p class=\"has-text-align-center\" style=\"font-size:22px\"><strong>einen guten Start ins neue Jahr!<\/strong><\/p>\n\n\n\n<div style=\"height:31px\" aria-hidden=\"true\" class=\"wp-block-spacer\"><\/div>\n\n\n\n<p class=\"has-text-align-center has-vivid-red-color has-text-color has-link-color wp-elements-1f5812e1fb739e0e53ab10be0ba79c9a\" style=\"font-size:22px\"><strong>Was wir f\u00fcr 2026 geplant haben,<\/strong><\/p>\n\n\n\n<p class=\"has-text-align-center has-vivid-red-color has-text-color has-link-color wp-elements-d4b8b8f188ff457e1135cd552385f4eb\" style=\"font-size:22px\"><strong>findet ihr hier!<\/strong> <strong>&gt;&gt;&gt;<\/strong><\/p>\n\n\n\n<div style=\"height:30px\" aria-hidden=\"true\" class=\"wp-block-spacer\"><\/div>\n\n\n\n<p class=\"has-text-align-center has-black-color has-text-color has-link-color wp-elements-d95f749294b9c78cb967e90722b7225e\" style=\"font-size:20px\">Neben den &#8220;altbew\u00e4hrten&#8221; Events, die ihr schon kennt, sind au\u00dferdem noch ein paar weitere Sachen in Planung, bei denen wir unterst\u00fctzend zur Seite stehen &#8230; zum Beispiel &#8230;<\/p>\n\n\n\n<div style=\"height:36px\" aria-hidden=\"true\" class=\"wp-block-spacer\"><\/div>\n\n\n<div class=\"wp-block-image\">\n<figure class=\"aligncenter size-large is-resized\"><img loading=\"lazy\" decoding=\"async\" width=\"1024\" height=\"338\" src=\"https:\/\/rothenschirmbach.org\/wp-content\/uploads\/2026\/01\/Aktionen-WfR-20262-1024x338.png\" alt=\"\" class=\"wp-image-1368\" style=\"width:464px;height:auto\" srcset=\"https:\/\/rothenschirmbach.org\/wp-content\/uploads\/2026\/01\/Aktionen-WfR-20262-1024x338.png 1024w, https:\/\/rothenschirmbach.org\/wp-content\/uploads\/2026\/01\/Aktionen-WfR-20262-300x99.png 300w, https:\/\/rothenschirmbach.org\/wp-content\/uploads\/2026\/01\/Aktionen-WfR-20262-768x253.png 768w, https:\/\/rothenschirmbach.org\/wp-content\/uploads\/2026\/01\/Aktionen-WfR-20262.png 1240w\" sizes=\"(max-width: 1024px) 100vw, 1024px\" \/><\/figure><\/div>\n\n\n<div style=\"height:35px\" aria-hidden=\"true\" class=\"wp-block-spacer\"><\/div>\n\n\n\n<p class=\"has-text-align-center has-black-color has-text-color has-link-color wp-elements-be11f6c78af54d7074db645a06bae2f1\" style=\"font-size:20px\">UND &#8230; in <strong>Rothenschirmbach <\/strong>ist sowieso immer was los ! &#8230; denn alle Vereine legen sich mit Herzblut ins Zeug f\u00fcr ein lebendiges Dorfleben!<\/p>\n<\/div>\n\n\n\n<div class=\"wp-block-column is-layout-flow wp-block-column-is-layout-flow\"><div class=\"wp-block-image\">\n<figure class=\"aligncenter size-full is-resized\"><img loading=\"lazy\" decoding=\"async\" width=\"1240\" height=\"1748\" src=\"https:\/\/rothenschirmbach.org\/wp-content\/uploads\/2026\/01\/Aktionen-WfR-2026.png\" alt=\"\" class=\"wp-image-1364\" style=\"width:490px;height:auto\" srcset=\"https:\/\/rothenschirmbach.org\/wp-content\/uploads\/2026\/01\/Aktionen-WfR-2026.png 1240w, https:\/\/rothenschirmbach.org\/wp-content\/uploads\/2026\/01\/Aktionen-WfR-2026-213x300.png 213w, https:\/\/rothenschirmbach.org\/wp-content\/uploads\/2026\/01\/Aktionen-WfR-2026-726x1024.png 726w, https:\/\/rothenschirmbach.org\/wp-content\/uploads\/2026\/01\/Aktionen-WfR-2026-768x1083.png 768w, https:\/\/rothenschirmbach.org\/wp-content\/uploads\/2026\/01\/Aktionen-WfR-2026-1090x1536.png 1090w\" sizes=\"(max-width: 1240px) 100vw, 1240px\" \/><\/figure><\/div><\/div>\n<\/div>\n\n\n\n<div style=\"height:43px\" aria-hidden=\"true\" class=\"wp-block-spacer\"><\/div>\n\n\n\n<p class=\"has-text-align-center\" style=\"font-size:26px\">*** <strong><em>Wir freuen uns auf Euch!<\/em><\/strong> ***<\/p>\n\n\n\n<div style=\"height:25px\" aria-hidden=\"true\" class=\"wp-block-spacer\"><\/div>\n\n\n\n<p class=\"has-text-align-center\" style=\"font-size:26px\"><strong>&#8230; hier bist du richtig &#8230;!<\/strong><\/p>\n\n\n\n<div style=\"height:23px\" aria-hidden=\"true\" class=\"wp-block-spacer\"><\/div>\n\n\n\n<div class=\"wp-block-media-text has-media-on-the-right is-stacked-on-mobile is-vertically-aligned-top\" style=\"grid-template-columns:auto 39%\"><div class=\"wp-block-media-text__content\">\n<p class=\"has-medium-font-size\">Sprich uns an oder melde dich gern bei uns, wenn Du Interesse hast, unser Dorfleben aktiv mitzugestalten!<\/p>\n\n\n\n<div style=\"height:16px\" aria-hidden=\"true\" class=\"wp-block-spacer\"><\/div>\n\n\n\n<p class=\"has-medium-font-size\" style=\"text-decoration:underline\">n\u00e4chste Vereinssitzung:<\/p>\n\n\n\n<p class=\"has-vivid-red-color has-text-color has-link-color has-medium-font-size wp-elements-c108abc537b3d9d07941fa194ccc3951\"><strong>25.02.2026    19.30 Uhr<\/strong> (Gemeindeb\u00fcro)<\/p>\n\n\n\n<div style=\"height:14px\" aria-hidden=\"true\" class=\"wp-block-spacer\"><\/div>\n\n\n\n<p class=\"has-medium-font-size\">Wir freuen uns \u00fcber frische Ideen und Anregungen!<\/p>\n\n\n\n<p class=\"has-medium-font-size\"><strong>email:<\/strong> <a href=\"mailto:wfr@rothenschirmbach.org\">wfr@rothenschirmbach.org<\/a><\/p>\n\n\n\n<p class=\"has-medium-font-size\"><a href=\"https:\/\/rothenschirmbach.org\/wp-content\/uploads\/2023\/09\/antrag_WfR_2023NEU.pdf\" target=\"_blank\" rel=\"noreferrer noopener\"><strong>Mitglied werden&nbsp;<\/strong><\/a><\/p>\n<\/div><figure class=\"wp-block-media-text__media\"><img loading=\"lazy\" decoding=\"async\" width=\"1024\" height=\"750\" src=\"https:\/\/rothenschirmbach.org\/wp-content\/uploads\/2024\/08\/2024-07-31-Verein-ist-bereit-fuer-Jubilaeumsfest-1024x750.jpg\" alt=\"\" class=\"wp-image-928 size-full\" srcset=\"https:\/\/rothenschirmbach.org\/wp-content\/uploads\/2024\/08\/2024-07-31-Verein-ist-bereit-fuer-Jubilaeumsfest-1024x750.jpg 1024w, https:\/\/rothenschirmbach.org\/wp-content\/uploads\/2024\/08\/2024-07-31-Verein-ist-bereit-fuer-Jubilaeumsfest-300x220.jpg 300w, https:\/\/rothenschirmbach.org\/wp-content\/uploads\/2024\/08\/2024-07-31-Verein-ist-bereit-fuer-Jubilaeumsfest-768x563.jpg 768w, https:\/\/rothenschirmbach.org\/wp-content\/uploads\/2024\/08\/2024-07-31-Verein-ist-bereit-fuer-Jubilaeumsfest-1536x1125.jpg 1536w, https:\/\/rothenschirmbach.org\/wp-content\/uploads\/2024\/08\/2024-07-31-Verein-ist-bereit-fuer-Jubilaeumsfest.jpg 2048w\" sizes=\"(max-width: 1024px) 100vw, 1024px\" \/><\/figure><\/div>\n\n\n\n<div style=\"height:47px\" aria-hidden=\"true\" class=\"wp-block-spacer\"><\/div>\n\n\n\n<p class=\"has-text-align-center\" style=\"font-size:26px\">Wir freuen uns auf DICH!<\/p>\n\n\n\n<div style=\"height:36px\" aria-hidden=\"true\" class=\"wp-block-spacer\"><\/div>\n\n\n<div class=\"wp-block-image\">\n<figure class=\"aligncenter size-large is-resized\"><img loading=\"lazy\" decoding=\"async\" width=\"1024\" height=\"694\" src=\"https:\/\/rothenschirmbach.org\/wp-content\/uploads\/2023\/04\/cropped-Logo-WfR-1024x694.jpg\" alt=\"\" class=\"wp-image-229\" style=\"width:199px;height:auto\" srcset=\"https:\/\/rothenschirmbach.org\/wp-content\/uploads\/2023\/04\/cropped-Logo-WfR-1024x694.jpg 1024w, https:\/\/rothenschirmbach.org\/wp-content\/uploads\/2023\/04\/cropped-Logo-WfR-300x203.jpg 300w, https:\/\/rothenschirmbach.org\/wp-content\/uploads\/2023\/04\/cropped-Logo-WfR-768x520.jpg 768w, https:\/\/rothenschirmbach.org\/wp-content\/uploads\/2023\/04\/cropped-Logo-WfR-1536x1041.jpg 1536w, https:\/\/rothenschirmbach.org\/wp-content\/uploads\/2023\/04\/cropped-Logo-WfR.jpg 1609w\" sizes=\"(max-width: 1024px) 100vw, 1024px\" \/><\/figure><\/div>\n\n\n<div style=\"height:38px\" aria-hidden=\"true\" class=\"wp-block-spacer\"><\/div>\n\n\n\n<p><\/p>\n","protected":false},"excerpt":{"rendered":"<p>Willkommen auf der Seite unseres Heimatvereins Wir-f\u00fcr-Rothenschirmbach e.V. Wir w\u00fcnschen Euch einen guten Start ins neue Jahr! Was wir f\u00fcr 2026 geplant haben, findet ihr hier! &gt;&gt;&gt; Neben den &#8220;altbew\u00e4hrten&#8221; [&hellip;]<\/p>\n","protected":false},"author":3,"featured_media":0,"parent":0,"menu_order":0,"comment_status":"closed","ping_status":"closed","template":"","meta":{"_regular_price":[],"currency_symbol":[],"_price":"","_stock":"","_tribe_ticket_header":"","_tribe_default_ticket_provider":"","_tribe_ticket_capacity":"0","_ticket_start_date":"","_ticket_end_date":"","_tribe_ticket_show_description":"","_tribe_ticket_show_not_going":false,"_tribe_ticket_use_global_stock":"","_tribe_ticket_global_stock_level":"","_global_stock_mode":"","_global_stock_cap":"","_tribe_rsvp_for_event":"","_tribe_ticket_going_count":"","_tribe_ticket_not_going_count":"","_tribe_tickets_list":"[]","_tribe_ticket_has_attendee_info_fields":false,"footnotes":"","_tec_slr_enabled":"","_tec_slr_layout":""},"class_list":["post-650","page","type-page","status-publish","hentry"],"post_slider_layout_featured_media_urls":{"thumbnail":"","post_slider_layout_landscape_large":"","post_slider_layout_portrait_large":"","post_slider_layout_square_large":"","post_slider_layout_landscape":"","post_slider_layout_portrait":"","post_slider_layout_square":"","full":""},"ticketed":false,"_links":{"self":[{"href":"https:\/\/rothenschirmbach.org\/index.php?rest_route=\/wp\/v2\/pages\/650"}],"collection":[{"href":"https:\/\/rothenschirmbach.org\/index.php?rest_route=\/wp\/v2\/pages"}],"about":[{"href":"https:\/\/rothenschirmbach.org\/index.php?rest_route=\/wp\/v2\/types\/page"}],"author":[{"embeddable":true,"href":"https:\/\/rothenschirmbach.org\/index.php?rest_route=\/wp\/v2\/users\/3"}],"replies":[{"embeddable":true,"href":"https:\/\/rothenschirmbach.org\/index.php?rest_route=%2Fwp%2Fv2%2Fcomments&post=650"}],"version-history":[{"count":0,"href":"https:\/\/rothenschirmbach.org\/index.php?rest_route=\/wp\/v2\/pages\/650\/revisions"}],"wp:attachment":[{"href":"https:\/\/rothenschirmbach.org\/index.php?rest_route=%2Fwp%2Fv2%2Fmedia&parent=650"}],"curies":[{"name":"wp","href":"https:\/\/api.w.org\/{rel}","templated":true}]}}